{"id":121,"date":"2024-05-04T16:18:17","date_gmt":"2024-05-04T14:18:17","guid":{"rendered":"https:\/\/brinsdartistes.fr\/?page_id=121"},"modified":"2026-01-25T11:45:12","modified_gmt":"2026-01-25T10:45:12","slug":"horaires-et-tarifs","status":"publish","type":"page","link":"https:\/\/brinsdartistes.fr\/index.php\/horaires-et-tarifs\/","title":{"rendered":"Horaires et tarifs"},"content":{"rendered":"\n<div style=\"height:20px\" aria-hidden=\"true\" class=\"wp-block-spacer\"><\/div>\n\n\n\n<h2 class=\"wp-block-heading has-text-align-center\">Ann\u00e9e scolaire 2025-26<\/h2>\n\n\n\n<div class=\"wp-block-uagb-container uagb-block-6c38de1c alignfull uagb-is-root-container\"><div class=\"uagb-container-inner-blocks-wrap\">\n<div class=\"wp-block-uagb-container uagb-layout-flex uagb-block-47342cb1\">\n<h3 class=\"wp-block-heading has-text-align-center has-background\" style=\"background-color:#dae9f2\">Cours \u00e0 Brindas<\/h3>\n\n\n\n<figure class=\"wp-block-image size-full\"><img loading=\"lazy\" decoding=\"async\" width=\"999\" height=\"645\" src=\"https:\/\/brinsdartistes.fr\/wp-content\/uploads\/2025\/08\/photo-salle-brindas.jpg\" alt=\"\" class=\"wp-image-1843\" srcset=\"https:\/\/brinsdartistes.fr\/wp-content\/uploads\/2025\/08\/photo-salle-brindas.jpg 999w, https:\/\/brinsdartistes.fr\/wp-content\/uploads\/2025\/08\/photo-salle-brindas-300x194.jpg 300w, https:\/\/brinsdartistes.fr\/wp-content\/uploads\/2025\/08\/photo-salle-brindas-768x496.jpg 768w\" sizes=\"auto, (max-width: 999px) 100vw, 999px\" \/><\/figure>\n\n\n\n<h3 class=\"wp-block-heading has-text-align-center\">Ateliers adultes<\/h3>\n\n\n\n<h5 class=\"wp-block-heading\"><strong><a href=\"https:\/\/brinsdartistes.fr\/index.php\/ateliers-adultes\/\" data-type=\"page\" data-id=\"1369\">Ateliers dessin et peinture<\/a><\/strong><\/h5>\n\n\n\n<p>samedi 10h-12h30 (une semaine sur deux) &#8211; <em>tarif&nbsp; (18 s\u00e9ances) : 190 \u20ac + adh\u00e9sion<\/em><\/p>\n\n\n\n<div class=\"wp-block-file\"><a id=\"wp-block-file--media-2c1f8cf2-046a-4aaa-98fd-fa163ab7250c\" href=\"https:\/\/brinsdartistes.fr\/wp-content\/uploads\/2025\/09\/Calendrier-samedi-matin.pdf\" target=\"_blank\" rel=\"noreferrer noopener\"><em>Calendrier ateliers du samedi matin \u00e0 Brindas<\/em><\/a><\/div>\n\n\n\n<h5 class=\"wp-block-heading\"><a href=\"https:\/\/brinsdartistes.fr\/index.php\/ateliers-adultes#illustration\" data-type=\"page\" data-id=\"1369\">I<strong>llustration et bande dessin\u00e9e<\/strong><\/a><\/h5>\n\n\n\n<p>lundi 19h-20h15 (cours hebdomadaire) &#8211; avec la MJC &#8211;<em> tarif 218 \u20ac<\/em><\/p>\n\n\n\n<hr class=\"wp-block-separator has-alpha-channel-opacity\"\/>\n\n\n\n<h3 class=\"wp-block-heading has-text-align-center\">Enfants\/ados \u00e0 partir de 6 ans<\/h3>\n\n\n\n<h5><a href=\"https:\/\/brinsdartistes.fr\/index.php\/cours-enfants-et-ados\/\" target=\"_blank\" rel=\"noopener\"><strong>Petits (6-10 ans)<\/strong> :<\/a><\/h5>\n<p>mardi 17h30-18h45 &#8211; <em>tarif : 165 \u20ac + adh\u00e9sion<\/em><\/p>\n<h5><a href=\"https:\/\/brinsdartistes.fr\/index.php\/cours-enfants-et-ados\/\" target=\"_blank\" rel=\"noopener\"><strong>Enfants\/ados (\u00e0 partir de 11 ans)<\/strong> :<\/a><\/h5>\n<p>mercredi 17h30-19h &#8211; <em>tarif : 190 \u20ac + adh\u00e9sion<\/em><\/p>\n<h5><a href=\"https:\/\/brinsdartistes.fr\/index.php\/atelier-bd-manga\/\" target=\"_blank\" rel=\"noopener\"><strong>Atelier BD\/manga (7-14 ans) : <\/strong><\/a><\/h5>\n<p>lundi 17h30-18h45 &#8211; <em>tarif : 218 \u20ac (avec la MJC)\u00a0<\/em><\/p>\n\n\n\n<p>Les cours sont organis\u00e9s par l&rsquo;association des familles de Brindas (sauf BD\/manga et illustration avec la <a href=\"https:\/\/mjc-brindas.fr\/\">MJC<\/a>) et ont lieu au Carr\u00e9 d&rsquo;ass, mont\u00e9e du Clos.<\/p>\n<\/p>\n<\/div>\n\n\n\n<div class=\"wp-block-uagb-container uagb-block-eb2415bb\">\n<h3 class=\"wp-block-heading has-text-align-center has-background\" style=\"background-color:#dae9f2\">Cours \u00e0 Messimy<\/h3>\n\n\n\n<figure class=\"wp-block-image size-full\"><img loading=\"lazy\" decoding=\"async\" width=\"1000\" height=\"645\" src=\"https:\/\/brinsdartistes.fr\/wp-content\/uploads\/2025\/08\/photo-salle-messimy.jpg\" alt=\"\" class=\"wp-image-1845\" srcset=\"https:\/\/brinsdartistes.fr\/wp-content\/uploads\/2025\/08\/photo-salle-messimy.jpg 1000w, https:\/\/brinsdartistes.fr\/wp-content\/uploads\/2025\/08\/photo-salle-messimy-300x194.jpg 300w, https:\/\/brinsdartistes.fr\/wp-content\/uploads\/2025\/08\/photo-salle-messimy-768x495.jpg 768w\" sizes=\"auto, (max-width: 1000px) 100vw, 1000px\" \/><\/figure>\n\n\n\n<h3 class=\"wp-block-heading has-text-align-center\">Ateliers adultes<\/h3>\n\n\n\n<h5 class=\"wp-block-heading\"><a href=\"https:\/\/brinsdartistes.fr\/index.php\/ateliers-adultes\/\" data-type=\"page\" data-id=\"1369\"><strong>Ateliers dessin et peinture<\/strong><\/a><\/h5>\n\n\n\n<ul class=\"wp-block-list\">\n<li>lundi 14h-16h30 (une semaine sur deux) &#8211; <em>tarif : 190 \u20ac + adh\u00e9sion<\/em><\/li>\n\n\n\n<li>samedi 14h-18h (5 stages dans l&rsquo;ann\u00e9e) &#8211; <em>tarif : 30\u20ac la s\u00e9ance + 5\u20ac d&rsquo;adh\u00e9sion annuelle stages<\/em><\/li>\n<\/ul>\n\n\n\n<div class=\"wp-block-file\"><a id=\"wp-block-file--media-34096b15-eeab-4b34-a306-dc624bbed6b2\" href=\"https:\/\/brinsdartistes.fr\/wp-content\/uploads\/2026\/01\/calendrier-ateliers-du-lundi-apres-midi.pdf\"><em>Calendrier ateliers du lundi apr\u00e8s-midi<\/em><\/a><\/div>\n\n\n\n<div class=\"wp-block-file\"><a id=\"wp-block-file--media-0b24bc0e-c755-4dfd-aab2-bcf29b6710e4\" href=\"https:\/\/brinsdartistes.fr\/wp-content\/uploads\/2025\/09\/dates-samedis-apres-midi.pdf\" target=\"_blank\" rel=\"noreferrer noopener\"><em>Calendrier stages du samedi apr\u00e8s-midi \u00e0 Messimy <\/em><\/a><\/div>\n\n\n\n<h5 class=\"wp-block-heading\"><strong><a href=\"https:\/\/brinsdartistes.fr\/index.php\/ateliers-adultes#peinture-intuitive\" data-type=\"page\" data-id=\"1369\">Peinture intuitive<\/a><\/strong><\/h5>\n\n\n\n<p>jeudi 19h-20h30 (cours hebdomadaire) &#8211; <em>tarif : 190 \u20ac + adh\u00e9sion<\/em><\/p>\n\n\n\n<hr class=\"wp-block-separator has-alpha-channel-opacity\"\/>\n\n\n\n<h3 class=\"wp-block-heading has-text-align-center\">Enfants\/ados \u00e0 partir de 8 ans<\/h3>\n\n\n\n<h5><a href=\"https:\/\/brinsdartistes.fr\/index.php\/cours-enfants-et-ados\/\" target=\"_blank\" rel=\"noopener\"><strong>Enfants (8-12 ans)<\/strong> :<\/a><\/h5>\n<p>mercredi 15h15-16h45 &#8211;<em> tarif : 180 \u20ac + adh\u00e9sion<\/em><\/p>\n<h5><a href=\"https:\/\/brinsdartistes.fr\/index.php\/cours-enfants-et-ados\/\" target=\"_blank\" rel=\"noopener\"><strong>Ados (+12 ans)<\/strong> :<\/a><\/h5>\n<p>vendredi 17h30-19h &#8211; <em>tarif : 190 \u20ac + adh\u00e9sion<\/em><\/p>\n\n\n\n<p>Les cours sont organis\u00e9s par l&rsquo;association des familles de Messimy et ont lieu au p\u00f4le associatif, 9 route de la Chatelaise.<\/p>\n<\/div>\n<\/div><\/div>\n\n\n\n<div style=\"height:10px\" aria-hidden=\"true\" class=\"wp-block-spacer\"><\/div>\n\n\n\n<div style=\"height:20px\" aria-hidden=\"true\" class=\"wp-block-spacer\"><\/div>\n\n\n\n<div class=\"wp-block-uagb-container uagb-block-2395d43d alignwide uagb-is-root-container\">\n<h2 class=\"wp-block-heading\">Comment s&rsquo;inscrire ?<\/h2>\n\n\n\n<p>Le forum des associations est pass\u00e9, mais il est toujours possible de s&rsquo;inscrire ! Les modalit\u00e9s d&rsquo;inscription sont diff\u00e9rentes suivant les associations :<\/p>\n\n\n\n<ul class=\"wp-block-list\">\n<li>Pour les cours avec la <strong>MJC de Brindas<\/strong>, les inscriptions se font directement \u00e0 la MJC ou en ligne sur le site <a href=\"https:\/\/mjc-brindas.fr\/\">https:\/\/mjc-brindas.fr\/<\/a><\/li>\n\n\n\n<li>Pour les cours avec l&rsquo;<strong>association des familles de Messimy<\/strong>, merci de me contacter par mail : atelierdisabelle@yahoo.fr<\/li>\n\n\n\n<li>Pour les cours avec l&rsquo;<strong>association des familles de Brindas<\/strong>, les inscriptions se font en ligne sur le site <a href=\"https:\/\/famillesdebrindas.comiti-sport.fr\/\">https:\/\/famillesdebrindas.comiti-sport.fr\/<\/a><\/li>\n<\/ul>\n<\/div>\n\n\n\n<div style=\"height:20px\" aria-hidden=\"true\" class=\"wp-block-spacer\"><\/div>\n\n\n\n<div class=\"wp-block-uagb-container uagb-block-82a901f9 alignfull uagb-is-root-container\"><div class=\"uagb-container-inner-blocks-wrap\">\n<div class=\"wp-block-group is-vertical is-layout-flex wp-container-core-group-is-layout-8cf370e7 wp-block-group-is-layout-flex\">\n<ul class=\"wp-block-list\">\n<li>Les cours reprennent \u00e0 partir du samedi 13 septembre. Il n&rsquo;y a pas de cours pendant les vacances scolaires. Un planning est fourni au moment de l&rsquo;inscription.<\/li>\n<\/ul>\n\n\n\n<ul class=\"wp-block-list\">\n<li>Adh\u00e9sion annuelle \u00e0 l&rsquo;association des familles de Brindas : 25\u20ac (15\u20ac non imposable)<\/li>\n<\/ul>\n\n\n\n<ul class=\"wp-block-list\">\n<li>Adh\u00e9sion annuelle \u00e0 l&rsquo;association des familles de Messimy : 20\u20ac. Les adh\u00e9sion \u00e0 l&rsquo;association des familles sont d\u00e9ductibles des imp\u00f4ts.<\/li>\n<\/ul>\n<\/div>\n<\/div><\/div>\n","protected":false},"excerpt":{"rendered":"<p>Ann\u00e9e scolaire 2025-26 Cours \u00e0 Brindas Ateliers adultes Ateliers dessin et peinture samedi 10h-12h30 (une semaine sur deux) &#8211; tarif&nbsp; (18 s\u00e9ances) : 190 \u20ac + adh\u00e9sion Illustration et bande dessin\u00e9e lundi 19h-20h15 (cours hebdomadaire) &#8211; avec la MJC &#8211; tarif 218 \u20ac Enfants\/ados \u00e0 partir de 6 ans Petits (6-10 ans) : mardi 17h30-18h45 &#8211; tarif : 165 \u20ac + adh\u00e9sion Enfants\/ados (\u00e0 partir de 11 ans) : mercredi 17h30-19h &#8211; tarif : 190 \u20ac + adh\u00e9sion Atelier BD\/manga (7-14 ans) : lundi 17h30-18h45 &#8211; tarif : 218 \u20ac (avec la MJC)\u00a0 Les cours sont organis\u00e9s par l&rsquo;association des familles de Brindas (sauf BD\/manga et illustration avec la MJC) et ont lieu au Carr\u00e9 d&rsquo;ass, mont\u00e9e du Clos. Cours \u00e0 Messimy Ateliers adultes Ateliers dessin et peinture Peinture intuitive jeudi 19h-20h30 (cours hebdomadaire) &#8211; tarif : 190 \u20ac + adh\u00e9sion Enfants\/ados \u00e0 partir de 8 ans Enfants (8-12 ans) : mercredi 15h15-16h45 &#8211; tarif : 180 \u20ac + adh\u00e9sion Ados (+12 ans) : vendredi 17h30-19h &#8211; tarif : 190 \u20ac + adh\u00e9sion Les cours sont organis\u00e9s par l&rsquo;association des familles de Messimy et ont lieu au p\u00f4le associatif, 9 route de la Chatelaise. Comment s&rsquo;inscrire ? Le forum des associations est pass\u00e9, mais il est toujours possible de s&rsquo;inscrire ! Les modalit\u00e9s d&rsquo;inscription sont diff\u00e9rentes suivant les associations :<\/p>\n","protected":false},"author":1,"featured_media":0,"parent":0,"menu_order":0,"comment_status":"closed","ping_status":"closed","template":"","meta":{"_uag_custom_page_level_css":"","footnotes":""},"class_list":["post-121","page","type-page","status-publish","hentry"],"uagb_featured_image_src":{"full":false,"thumbnail":false,"medium":false,"medium_large":false,"large":false,"1536x1536":false,"2048x2048":false,"ashe-slider-full-thumbnail":false,"ashe-full-thumbnail":false,"ashe-list-thumbnail":false,"ashe-grid-thumbnail":false,"ashe-single-navigation":false},"uagb_author_info":{"display_name":"isabelle","author_link":"https:\/\/brinsdartistes.fr\/index.php\/author\/isabelle\/"},"uagb_comment_info":0,"uagb_excerpt":"Ann\u00e9e scolaire 2025-26 Cours \u00e0 Brindas Ateliers adultes Ateliers dessin et peinture samedi 10h-12h30 (une semaine sur deux) &#8211; tarif&nbsp; (18 s\u00e9ances) : 190 \u20ac + adh\u00e9sion Illustration et bande dessin\u00e9e lundi 19h-20h15 (cours hebdomadaire) &#8211; avec la MJC &#8211; tarif 218 \u20ac Enfants\/ados \u00e0 partir de 6 ans Petits (6-10 ans) : mardi 17h30-18h45\u2026","_links":{"self":[{"href":"https:\/\/brinsdartistes.fr\/index.php\/wp-json\/wp\/v2\/pages\/121","targetHints":{"allow":["GET"]}}],"collection":[{"href":"https:\/\/brinsdartistes.fr\/index.php\/wp-json\/wp\/v2\/pages"}],"about":[{"href":"https:\/\/brinsdartistes.fr\/index.php\/wp-json\/wp\/v2\/types\/page"}],"author":[{"embeddable":true,"href":"https:\/\/brinsdartistes.fr\/index.php\/wp-json\/wp\/v2\/users\/1"}],"replies":[{"embeddable":true,"href":"https:\/\/brinsdartistes.fr\/index.php\/wp-json\/wp\/v2\/comments?post=121"}],"version-history":[{"count":146,"href":"https:\/\/brinsdartistes.fr\/index.php\/wp-json\/wp\/v2\/pages\/121\/revisions"}],"predecessor-version":[{"id":2096,"href":"https:\/\/brinsdartistes.fr\/index.php\/wp-json\/wp\/v2\/pages\/121\/revisions\/2096"}],"wp:attachment":[{"href":"https:\/\/brinsdartistes.fr\/index.php\/wp-json\/wp\/v2\/media?parent=121"}],"curies":[{"name":"wp","href":"https:\/\/api.w.org\/{rel}","templated":true}]}}