{"id":1369,"date":"2025-05-19T11:33:31","date_gmt":"2025-05-19T09:33:31","guid":{"rendered":"https:\/\/brinsdartistes.fr\/?page_id=1369"},"modified":"2026-04-30T16:37:22","modified_gmt":"2026-04-30T14:37:22","slug":"ateliers-adultes","status":"publish","type":"page","link":"https:\/\/brinsdartistes.fr\/index.php\/ateliers-adultes\/","title":{"rendered":"Ateliers adultes"},"content":{"rendered":"\n<div class=\"wp-block-uagb-container uagb-block-eacd3955 alignfull uagb-is-root-container\"><div class=\"uagb-container-inner-blocks-wrap\">\n<p>D\u00e9couvrez les diff\u00e9rents ateliers destin\u00e9s aux adultes (et ados \u00e0 partir de 14 ans) que j&rsquo;anime \u00e0 Brindas et \u00e0 Messimy : ateliers dessin\/peinture, ateliers de <a href=\"#peinture-intuitive\">peinture intuitive<\/a> pour le bien-\u00eatre et la cr\u00e9ativit\u00e9, ateliers de <a href=\"#peinture-chinoise\">calligraphie et peinture chinoise<\/a> pour la d\u00e9tente et la concentration. Nouveau cette ann\u00e9e, un atelier <a href=\"#illustration\">illustration<\/a> avec la MJC de Brindas&#8230; Il y en a certainement un qui vous plaira !<\/p>\n<\/div><\/div>\n\n\n\n<div class=\"wp-block-uagb-container uagb-block-e8d57fe0 alignfull uagb-is-root-container\"><div class=\"uagb-container-inner-blocks-wrap\">\n<h2 class=\"wp-block-heading has-text-align-center\" id=\"toutes-techniques\">Ateliers dessin\/peinture (toutes techniques)<\/h2>\n\n\n\n<figure class=\"wp-block-image size-full\"><img loading=\"lazy\" decoding=\"async\" width=\"1000\" height=\"417\" src=\"https:\/\/brinsdartistes.fr\/wp-content\/uploads\/2024\/05\/tubes-et-pinceaux-1.jpg\" alt=\"ateliers dessin\/peinture ouest lyonnais\" class=\"wp-image-187\" srcset=\"https:\/\/brinsdartistes.fr\/wp-content\/uploads\/2024\/05\/tubes-et-pinceaux-1.jpg 1000w, https:\/\/brinsdartistes.fr\/wp-content\/uploads\/2024\/05\/tubes-et-pinceaux-1-300x125.jpg 300w, https:\/\/brinsdartistes.fr\/wp-content\/uploads\/2024\/05\/tubes-et-pinceaux-1-768x320.jpg 768w\" sizes=\"auto, (max-width: 1000px) 100vw, 1000px\" \/><\/figure>\n\n\n\n<p>Ces ateliers s&rsquo;adressent aussi bien \u00e0 des d\u00e9butants qu&rsquo;\u00e0 des peintres confirm\u00e9s. Ils permettent \u00e0 chaque \u00e9l\u00e8ve de progresser \u00e0 son rythme en travaillant sur les th\u00e8mes propos\u00e9s ou sur des sujets personnels. Le travail en petits groupes me permet d&rsquo;accompagner chaque \u00e9l\u00e8ve personnellement dans la ou les techniques de son choix (aquarelle, acrylique, fusain, pastel\u2026) pour l\u2019aider \u00e0 trouver son style et \u00e0 r\u00e9aliser des tableaux qui lui ressemblent, en toute libert\u00e9, avec ou sans mod\u00e8le.<\/p>\n\n\n\n<p>Ces ateliers permettent aussi \u00e0 des jeunes qui souhaitent int\u00e9grer une \u00e9cole d\u2019art de pr\u00e9parer un dossier d\u2019admission en fonction de l\u2019\u00e9cole choisie.<\/p>\n\n\n\n<ul class=\"wp-block-list\">\n<li><em>A Brindas le samedi matin de 10h \u00e0 12h30 une semaine sur deux<\/em>,<\/li>\n\n\n\n<li><em>A Messimy le lundi de 14h \u00e0 16h30 une semaine sur deux<\/em>,<\/li>\n\n\n\n<li><em>A Messimy, les stages du samedi de 14h \u00e0 18h (5 s\u00e9ances dans l&rsquo;ann\u00e9e)<\/em>.<\/li>\n<\/ul>\n\n\n\n<div class=\"wp-block-uagb-buttons uagb-buttons__outer-wrap uagb-btn__small-btn uagb-btn-tablet__default-btn uagb-btn-mobile__default-btn uagb-block-0c3fe150\"><div class=\"uagb-buttons__wrap uagb-buttons-layout-wrap \">\n<div class=\"wp-block-uagb-buttons-child uagb-buttons__outer-wrap uagb-block-fa6fe6bc wp-block-button\"><div class=\"uagb-button__wrapper\"><a class=\"uagb-buttons-repeater wp-block-button__link\" aria-label=\"\" href=\"https:\/\/brinsdartistes.fr\/index.php\/galerie-adultes-toutes-techniques\" rel=\"follow noopener\" target=\"_self\" role=\"button\"><div class=\"uagb-button__link\">La galerie des adultes<\/div><\/a><\/div><\/div>\n<\/div><\/div>\n\n\n\n<div class=\"wp-block-uagb-buttons uagb-buttons__outer-wrap uagb-btn__small-btn uagb-btn-tablet__default-btn uagb-btn-mobile__default-btn uagb-block-172e14fa\"><div class=\"uagb-buttons__wrap uagb-buttons-layout-wrap \">\n<div class=\"wp-block-uagb-buttons-child uagb-buttons__outer-wrap uagb-block-e4e99c38 wp-block-button\"><div class=\"uagb-button__wrapper\"><a class=\"uagb-buttons-repeater wp-block-button__link\" aria-label=\"\" href=\"https:\/\/brinsdartistes.fr\/index.php\/horaires-et-tarifs\" rel=\"follow noopener\" target=\"_self\" role=\"button\"><div class=\"uagb-button__link\">Horaires et tarifs<\/div><\/a><\/div><\/div>\n<\/div><\/div>\n<\/div><\/div>\n\n\n\n<div style=\"height:20px\" aria-hidden=\"true\" class=\"wp-block-spacer\"><\/div>\n\n\n\n<div class=\"wp-block-uagb-container uagb-block-63854d6d alignfull uagb-is-root-container\"><div class=\"uagb-container-inner-blocks-wrap\">\n<h2 class=\"wp-block-heading has-text-align-center\" id=\"peinture-intuitive\">Peinture intuitive<\/h2>\n\n\n\n<figure class=\"wp-block-image size-large\"><img loading=\"lazy\" decoding=\"async\" width=\"1024\" height=\"380\" src=\"https:\/\/brinsdartistes.fr\/wp-content\/uploads\/2024\/05\/pinceau-large-bleu-brillant-1024x380.jpg\" alt=\"ateliers de peinture intuitive Messimy ouest lyonnais\" class=\"wp-image-55\" srcset=\"https:\/\/brinsdartistes.fr\/wp-content\/uploads\/2024\/05\/pinceau-large-bleu-brillant-1024x380.jpg 1024w, https:\/\/brinsdartistes.fr\/wp-content\/uploads\/2024\/05\/pinceau-large-bleu-brillant-300x111.jpg 300w, https:\/\/brinsdartistes.fr\/wp-content\/uploads\/2024\/05\/pinceau-large-bleu-brillant-768x285.jpg 768w, https:\/\/brinsdartistes.fr\/wp-content\/uploads\/2024\/05\/pinceau-large-bleu-brillant-1536x570.jpg 1536w, https:\/\/brinsdartistes.fr\/wp-content\/uploads\/2024\/05\/pinceau-large-bleu-brillant-2048x760.jpg 2048w\" sizes=\"auto, (max-width: 1024px) 100vw, 1024px\" \/><\/figure>\n\n\n\n<p>La peinture intuitive est une d\u00e9marche artistique qui s\u2019int\u00e8gre dans une recherche de bien-\u00eatre et de cr\u00e9ativit\u00e9. Elle consiste \u00e0 peindre ou \u00e0 dessiner sans raisonnement ni analyse, sans conception pr\u00e9alable de ce que sera le tableau termin\u00e9. Un tableau se travaille en plusieurs \u00e9tapes, en laissant faire et en observant sans jugement, pour apporter au fur et \u00e0 mesure ses choix personnels et cr\u00e9atifs. Chaque trait en entra\u00eene un autre, sans but pr\u00e9cis mais toujours dans la recherche de l\u2019harmonie des formes et des couleurs.<\/p>\n\n\n\n<p>C\u2019est une d\u00e9marche proche de l\u2019art-th\u00e9rapie, mais l\u00e0 o\u00f9 l\u2019art-th\u00e9rapie met l\u2019accent avant tout sur une expression totalement libre, sans se soucier du r\u00e9sultat obtenu, la peinture intuitive recherche au contraire un r\u00e9sultat esth\u00e9tique. Elle permet d\u2019apprendre \u00e0 l\u00e2cher prise et \u00e0 \u00eatre \u00e0 l\u2019\u00e9coute de son intuition et de sa cr\u00e9ativit\u00e9, mais \u00e9galement de progresser techniquement dans le choix des couleurs, des formes, des compositions, pour obtenir des \u0153uvres personnelles de plus en plus abouties.<\/p>\n\n\n\n<p><em>Ces ateliers ont lieu \u00e0 Messimy  le jeudi soir de 19h \u00e0 20h30 toutes les semaines (30 cours dans l&rsquo;ann\u00e9e)<\/em><\/p>\n\n\n\n<p><\/p>\n\n\n\n<div class=\"wp-block-uagb-buttons uagb-buttons__outer-wrap uagb-btn__small-btn uagb-btn-tablet__default-btn uagb-btn-mobile__default-btn uagb-block-7cffcda9\"><div class=\"uagb-buttons__wrap uagb-buttons-layout-wrap \">\n<div class=\"wp-block-uagb-buttons-child uagb-buttons__outer-wrap uagb-block-a96e99c0 wp-block-button\"><div class=\"uagb-button__wrapper\"><a class=\"uagb-buttons-repeater wp-block-button__link\" aria-label=\"\" href=\"https:\/\/brinsdartistes.fr\/index.php\/peinture-intuitive\" rel=\"follow noopener\" target=\"_self\" role=\"button\"><div class=\"uagb-button__link\">La galerie de peinture intuitive<\/div><\/a><\/div><\/div>\n<\/div><\/div>\n\n\n\n<div class=\"wp-block-uagb-buttons uagb-buttons__outer-wrap uagb-btn__small-btn uagb-btn-tablet__default-btn uagb-btn-mobile__default-btn uagb-block-fb95fbfb\"><div class=\"uagb-buttons__wrap uagb-buttons-layout-wrap \">\n<div class=\"wp-block-uagb-buttons-child uagb-buttons__outer-wrap uagb-block-b60e287a wp-block-button\"><div class=\"uagb-button__wrapper\"><a class=\"uagb-buttons-repeater wp-block-button__link\" aria-label=\"\" href=\"https:\/\/brinsdartistes.fr\/index.php\/horaires-et-tarifs\/\" rel=\"follow noopener\" target=\"_self\" role=\"button\"><div class=\"uagb-button__link\">Horaires et tarifs<\/div><\/a><\/div><\/div>\n<\/div><\/div>\n<\/div><\/div>\n\n\n\n<div style=\"height:20px\" aria-hidden=\"true\" class=\"wp-block-spacer\"><\/div>\n\n\n\n<div class=\"wp-block-uagb-container uagb-block-2a5f71c2 alignfull uagb-is-root-container\"><div class=\"uagb-container-inner-blocks-wrap\">\n<h2 class=\"wp-block-heading has-text-align-center\" id=\"illustration\">Dessin d&rsquo;illustration<\/h2>\n\n\n\n<figure class=\"wp-block-image size-full\"><img loading=\"lazy\" decoding=\"async\" width=\"1000\" height=\"604\" src=\"https:\/\/brinsdartistes.fr\/wp-content\/uploads\/2025\/06\/image-illustration-1.jpg\" alt=\"\" class=\"wp-image-1734\" srcset=\"https:\/\/brinsdartistes.fr\/wp-content\/uploads\/2025\/06\/image-illustration-1.jpg 1000w, https:\/\/brinsdartistes.fr\/wp-content\/uploads\/2025\/06\/image-illustration-1-300x181.jpg 300w, https:\/\/brinsdartistes.fr\/wp-content\/uploads\/2025\/06\/image-illustration-1-768x464.jpg 768w\" sizes=\"auto, (max-width: 1000px) 100vw, 1000px\" \/><\/figure>\n\n\n\n<p><br>Cet atelier, destin\u00e9 aux adultes et ouvert aux ados \u00e0 partir de 14 ans, permet d\u2019acqu\u00e9rir les bases du dessin gr\u00e2ce \u00e0 des exercices d\u2019observation (dessin d\u2019objet, mod\u00e8le vivant\u2026), et de travailler sur les formes et les couleurs afin de mieux comprendre la construction d\u2019une image. Ces bases permettent ensuite aux \u00e9l\u00e8ves de trouver une libert\u00e9 d\u2019expression qui puisse s\u2019appliquer \u00e0 des sujets vari\u00e9s et en particulier \u00e0 l&rsquo;\u2019illustration (affiche, couverture de livre, illustration de textes\u2026). Plusieurs techniques peuvent \u00eatre utilis\u00e9es (gouache, encres, aquarelle&#8230;) afin de permettre \u00e0 chaque \u00e9l\u00e8ve de trouver son style et le mode d\u2019expression qui lui convient le mieux.<\/p>\n\n\n\n<p><em>\u00e0<\/em> <em>Brindas, avec la MJC, le lundi de 19h \u00e0 20h15<\/em><\/p>\n\n\n\n<div class=\"wp-block-uagb-buttons uagb-buttons__outer-wrap uagb-btn__small-btn uagb-btn-tablet__default-btn uagb-btn-mobile__default-btn uagb-block-c050df48\"><div class=\"uagb-buttons__wrap uagb-buttons-layout-wrap \">\n<div class=\"wp-block-uagb-buttons-child uagb-buttons__outer-wrap uagb-block-0f9f8b33 wp-block-button\"><div class=\"uagb-button__wrapper\"><a class=\"uagb-buttons-repeater wp-block-button__link\" aria-label=\"\" href=\"https:\/\/brinsdartistes.fr\/index.php\/horaires-et-tarifs\/\" rel=\"follow noopener\" target=\"_self\" role=\"button\"><div class=\"uagb-button__link\">Horaires et tarifs<\/div><\/a><\/div><\/div>\n<\/div><\/div>\n<\/div><\/div>\n\n\n\n<div style=\"height:20px\" aria-hidden=\"true\" class=\"wp-block-spacer\"><\/div>\n\n\n\n<div class=\"wp-block-uagb-container uagb-block-7da69696 alignfull uagb-is-root-container\"><div class=\"uagb-container-inner-blocks-wrap\">\n<h2 class=\"wp-block-heading has-text-align-center\" id=\"peinture-chinoise\">Calligraphie et peinture chinoise<\/h2>\n\n\n\n<figure class=\"wp-block-image size-full\"><img loading=\"lazy\" decoding=\"async\" width=\"998\" height=\"450\" src=\"https:\/\/brinsdartistes.fr\/wp-content\/uploads\/2024\/05\/image-peinture-chinoise-papillons.jpg\" alt=\"Atelier calligraphie et peinture chinoise \u00e0 Brindas\" class=\"wp-image-267\" srcset=\"https:\/\/brinsdartistes.fr\/wp-content\/uploads\/2024\/05\/image-peinture-chinoise-papillons.jpg 998w, https:\/\/brinsdartistes.fr\/wp-content\/uploads\/2024\/05\/image-peinture-chinoise-papillons-300x135.jpg 300w, https:\/\/brinsdartistes.fr\/wp-content\/uploads\/2024\/05\/image-peinture-chinoise-papillons-768x346.jpg 768w\" sizes=\"auto, (max-width: 998px) 100vw, 998px\" \/><\/figure>\n\n\n\n<p><\/p>\n\n\n\n<p>La peinture chinoise est diff\u00e9rente de la peinture occidentale. Fortement influenc\u00e9e par les philosophies orientales, elle donne beaucoup d\u2019importance \u00e0 la composition de l\u2019image et \u00e0 la fluidit\u00e9 du geste. Ses th\u00e8mes traditionnels s\u2019inspirent de la nature (fleurs, animaux, paysage). Elle ne cherche pas \u00e0 reproduire fid\u00e8lement un objet mais plut\u00f4t \u00e0 en repr\u00e9senter les caract\u00e9ristiques de fa\u00e7on stylis\u00e9e.<\/p>\n\n\n\n<p>Le cours commence par un moment de relaxation, suivi par un moment de pratique de la calligraphie, qui permet d&rsquo;apprendre \u00e0 ma\u00eetriser les traits et le pinceau, et enfin la d\u00e9couverte d&rsquo;un th\u00e8me diff\u00e9rent \u00e0 chaque cours. Apr\u00e8s quelques s\u00e9ances, une fois les techniques de base acquises, les \u00e9l\u00e8ves peuvent travailler sur les th\u00e8mes de leur choix de fa\u00e7on autonome.Facile \u00e0 d\u00e9couvrir pour tous, elle ne demande aucune connaissance en dessin ou en peinture. Elle procure un moment de d\u00e9tente, elle am\u00e9liore la concentration, et elle est souvent consid\u00e9r\u00e9e comme une forme de m\u00e9ditation active.<\/p>\n\n\n\n<p><em>En 2025-26, il n&rsquo;y aura pas de cours sp\u00e9cifique, la calligraphie et la peinture chinoise seront abord\u00e9es dans le cours du samedi matin (10h-12h30) \u00e0 Brindas.<\/em><\/p>\n\n\n\n<div class=\"wp-block-uagb-buttons uagb-buttons__outer-wrap uagb-btn__small-btn uagb-btn-tablet__default-btn uagb-btn-mobile__default-btn uagb-block-4df15c8a\"><div class=\"uagb-buttons__wrap uagb-buttons-layout-wrap \">\n<div class=\"wp-block-uagb-buttons-child uagb-buttons__outer-wrap uagb-block-f16eeabe wp-block-button\"><div class=\"uagb-button__wrapper\"><a class=\"uagb-buttons-repeater wp-block-button__link\" aria-label=\"\" href=\"https:\/\/brinsdartistes.fr\/index.php\/dessin-peinture-adultes__trashed\/calligraphie-et-peinture-chinoise\/\" rel=\"follow noopener\" target=\"_self\" role=\"button\"><div class=\"uagb-button__link\">La galerie de peinture chinoise<\/div><\/a><\/div><\/div>\n<\/div><\/div>\n\n\n\n<div class=\"wp-block-uagb-buttons uagb-buttons__outer-wrap uagb-btn__small-btn uagb-btn-tablet__default-btn uagb-btn-mobile__default-btn uagb-block-af9438e5\"><div class=\"uagb-buttons__wrap uagb-buttons-layout-wrap \">\n<div class=\"wp-block-uagb-buttons-child uagb-buttons__outer-wrap uagb-block-52a855fe wp-block-button\"><div class=\"uagb-button__wrapper\"><a class=\"uagb-buttons-repeater wp-block-button__link\" aria-label=\"\" href=\"https:\/\/brinsdartistes.fr\/index.php\/horaires-et-tarifs\/\" rel=\"follow noopener\" target=\"_self\" role=\"button\"><div class=\"uagb-button__link\">Horaires et tarifs<\/div><\/a><\/div><\/div>\n<\/div><\/div>\n<\/div><\/div>\n","protected":false},"excerpt":{"rendered":"<p>D\u00e9couvrez les diff\u00e9rents ateliers destin\u00e9s aux adultes (et ados \u00e0 partir de 14 ans) que j&rsquo;anime \u00e0 Brindas et \u00e0 Messimy : ateliers dessin\/peinture, ateliers de peinture intuitive pour le bien-\u00eatre et la cr\u00e9ativit\u00e9, ateliers de calligraphie et peinture chinoise pour la d\u00e9tente et la concentration. Nouveau cette ann\u00e9e, un atelier illustration avec la MJC de Brindas&#8230; Il y en a certainement un qui vous plaira ! Ateliers dessin\/peinture (toutes techniques) Ces ateliers s&rsquo;adressent aussi bien \u00e0 des d\u00e9butants qu&rsquo;\u00e0 des peintres confirm\u00e9s. Ils permettent \u00e0 chaque \u00e9l\u00e8ve de progresser \u00e0 son rythme en travaillant sur les th\u00e8mes propos\u00e9s ou sur des sujets personnels. Le travail en petits groupes me permet d&rsquo;accompagner chaque \u00e9l\u00e8ve personnellement dans la ou les techniques de son choix (aquarelle, acrylique, fusain, pastel\u2026) pour l\u2019aider \u00e0 trouver son style et \u00e0 r\u00e9aliser des tableaux qui lui ressemblent, en toute libert\u00e9, avec ou sans mod\u00e8le. Ces ateliers permettent aussi \u00e0 des jeunes qui souhaitent int\u00e9grer une \u00e9cole d\u2019art de pr\u00e9parer un dossier d\u2019admission en fonction de l\u2019\u00e9cole choisie. Peinture intuitive La peinture intuitive est une d\u00e9marche artistique qui s\u2019int\u00e8gre dans une recherche de bien-\u00eatre et de cr\u00e9ativit\u00e9. Elle consiste \u00e0 peindre ou \u00e0 dessiner sans raisonnement ni analyse, sans conception pr\u00e9alable de ce que sera le tableau termin\u00e9. Un tableau se travaille en plusieurs \u00e9tapes, en laissant faire et en observant sans jugement, pour apporter au fur et \u00e0 mesure ses choix personnels et cr\u00e9atifs. Chaque trait en entra\u00eene un autre, sans but pr\u00e9cis mais toujours dans la recherche de l\u2019harmonie des formes et des couleurs. C\u2019est une d\u00e9marche proche de l\u2019art-th\u00e9rapie, mais l\u00e0 o\u00f9 l\u2019art-th\u00e9rapie met l\u2019accent avant tout sur une expression totalement libre, sans se soucier du r\u00e9sultat obtenu, la peinture intuitive recherche au contraire un r\u00e9sultat esth\u00e9tique. Elle permet d\u2019apprendre \u00e0 l\u00e2cher prise et \u00e0 \u00eatre \u00e0 l\u2019\u00e9coute de son intuition et de sa cr\u00e9ativit\u00e9, mais \u00e9galement de progresser techniquement dans le choix des couleurs, des formes, des compositions, pour obtenir des \u0153uvres personnelles de plus en plus abouties. Ces ateliers ont lieu \u00e0 Messimy le jeudi soir de 19h \u00e0 20h30 toutes les semaines (30 cours dans l&rsquo;ann\u00e9e) Dessin d&rsquo;illustration Cet atelier, destin\u00e9 aux adultes et ouvert aux ados \u00e0 partir de 14 ans, permet d\u2019acqu\u00e9rir les bases du dessin gr\u00e2ce \u00e0 des exercices d\u2019observation (dessin d\u2019objet, mod\u00e8le vivant\u2026), et de travailler sur les formes et les couleurs afin de mieux comprendre la construction d\u2019une image. Ces bases permettent ensuite aux \u00e9l\u00e8ves de trouver une libert\u00e9 d\u2019expression qui puisse s\u2019appliquer \u00e0 des sujets vari\u00e9s et en particulier \u00e0 l&rsquo;\u2019illustration (affiche, couverture de livre, illustration de textes\u2026). Plusieurs techniques peuvent \u00eatre utilis\u00e9es (gouache, encres, aquarelle&#8230;) afin de permettre \u00e0 chaque \u00e9l\u00e8ve de trouver son style et le mode d\u2019expression qui lui convient le mieux. \u00e0 Brindas, avec la MJC, le lundi de 19h \u00e0 20h15 Calligraphie et peinture chinoise La peinture chinoise est diff\u00e9rente de la peinture occidentale. Fortement influenc\u00e9e par les philosophies orientales, elle donne beaucoup d\u2019importance \u00e0 la composition de l\u2019image et \u00e0 la fluidit\u00e9 du geste. Ses th\u00e8mes traditionnels s\u2019inspirent de la nature (fleurs, animaux, paysage). Elle ne cherche pas \u00e0 reproduire fid\u00e8lement un objet mais plut\u00f4t \u00e0 en repr\u00e9senter les caract\u00e9ristiques de fa\u00e7on stylis\u00e9e. Le cours commence par un moment de relaxation, suivi par un moment de pratique de la calligraphie, qui permet d&rsquo;apprendre \u00e0 ma\u00eetriser les traits et le pinceau, et enfin la d\u00e9couverte d&rsquo;un th\u00e8me diff\u00e9rent \u00e0 chaque cours. Apr\u00e8s quelques s\u00e9ances, une fois les techniques de base acquises, les \u00e9l\u00e8ves peuvent travailler sur les th\u00e8mes de leur choix de fa\u00e7on autonome.Facile \u00e0 d\u00e9couvrir pour tous, elle ne demande aucune connaissance en dessin ou en peinture. Elle procure un moment de d\u00e9tente, elle am\u00e9liore la concentration, et elle est souvent consid\u00e9r\u00e9e comme une forme de m\u00e9ditation active. En 2025-26, il n&rsquo;y aura pas de cours sp\u00e9cifique, la calligraphie et la peinture chinoise seront abord\u00e9es dans le cours du samedi matin (10h-12h30) \u00e0 Brindas.<\/p>\n","protected":false},"author":1,"featured_media":0,"parent":0,"menu_order":0,"comment_status":"closed","ping_status":"closed","template":"","meta":{"_uag_custom_page_level_css":"","footnotes":""},"class_list":["post-1369","page","type-page","status-publish","hentry"],"uagb_featured_image_src":{"full":false,"thumbnail":false,"medium":false,"medium_large":false,"large":false,"1536x1536":false,"2048x2048":false,"ashe-slider-full-thumbnail":false,"ashe-full-thumbnail":false,"ashe-list-thumbnail":false,"ashe-grid-thumbnail":false,"ashe-single-navigation":false},"uagb_author_info":{"display_name":"isabelle","author_link":"https:\/\/brinsdartistes.fr\/index.php\/author\/isabelle\/"},"uagb_comment_info":0,"uagb_excerpt":"D\u00e9couvrez les diff\u00e9rents ateliers destin\u00e9s aux adultes (et ados \u00e0 partir de 14 ans) que j&rsquo;anime \u00e0 Brindas et \u00e0 Messimy : ateliers dessin\/peinture, ateliers de peinture intuitive pour le bien-\u00eatre et la cr\u00e9ativit\u00e9, ateliers de calligraphie et peinture chinoise pour la d\u00e9tente et la concentration. Nouveau cette ann\u00e9e, un atelier illustration avec la MJC\u2026","_links":{"self":[{"href":"https:\/\/brinsdartistes.fr\/index.php\/wp-json\/wp\/v2\/pages\/1369","targetHints":{"allow":["GET"]}}],"collection":[{"href":"https:\/\/brinsdartistes.fr\/index.php\/wp-json\/wp\/v2\/pages"}],"about":[{"href":"https:\/\/brinsdartistes.fr\/index.php\/wp-json\/wp\/v2\/types\/page"}],"author":[{"embeddable":true,"href":"https:\/\/brinsdartistes.fr\/index.php\/wp-json\/wp\/v2\/users\/1"}],"replies":[{"embeddable":true,"href":"https:\/\/brinsdartistes.fr\/index.php\/wp-json\/wp\/v2\/comments?post=1369"}],"version-history":[{"count":52,"href":"https:\/\/brinsdartistes.fr\/index.php\/wp-json\/wp\/v2\/pages\/1369\/revisions"}],"predecessor-version":[{"id":2251,"href":"https:\/\/brinsdartistes.fr\/index.php\/wp-json\/wp\/v2\/pages\/1369\/revisions\/2251"}],"wp:attachment":[{"href":"https:\/\/brinsdartistes.fr\/index.php\/wp-json\/wp\/v2\/media?parent=1369"}],"curies":[{"name":"wp","href":"https:\/\/api.w.org\/{rel}","templated":true}]}}