{"id":166,"date":"2024-05-06T13:41:15","date_gmt":"2024-05-06T11:41:15","guid":{"rendered":"https:\/\/brinsdartistes.fr\/?page_id=166"},"modified":"2026-05-03T17:22:37","modified_gmt":"2026-05-03T15:22:37","slug":"accueil","status":"publish","type":"page","link":"https:\/\/brinsdartistes.fr\/","title":{"rendered":"Accueil"},"content":{"rendered":"\n<div style=\"height:20px\" aria-hidden=\"true\" class=\"wp-block-spacer\"><\/div>\n\n\n\n<div class=\"wp-block-uagb-container uagb-block-fb53fa1b alignfull uagb-is-root-container\"><div class=\"uagb-container-inner-blocks-wrap\">\n<figure class=\"wp-block-image size-full\"><img loading=\"lazy\" decoding=\"async\" width=\"1000\" height=\"301\" src=\"https:\/\/brinsdartistes.fr\/wp-content\/uploads\/2025\/06\/image-logo-page-daccueil.jpg\" alt=\"\" class=\"wp-image-1712\" srcset=\"https:\/\/brinsdartistes.fr\/wp-content\/uploads\/2025\/06\/image-logo-page-daccueil.jpg 1000w, https:\/\/brinsdartistes.fr\/wp-content\/uploads\/2025\/06\/image-logo-page-daccueil-300x90.jpg 300w, https:\/\/brinsdartistes.fr\/wp-content\/uploads\/2025\/06\/image-logo-page-daccueil-768x231.jpg 768w\" sizes=\"auto, (max-width: 1000px) 100vw, 1000px\" \/><\/figure>\n\n\n\n<p>Bonjour et bienvenue sur mon site Brins d&rsquo;Artistes. Vous y trouverez une pr\u00e9sentation de mon travail personnel en peinture et en restauration de tableaux, ainsi que toutes les informations sur mes cours et ateliers dessin et peinture.<\/p>\n\n\n\n<p>Il est toujours possible de faire un cours d&rsquo;essai (gratuit et sans engagement) et de s&rsquo;inscrire en cours d&rsquo;ann\u00e9e. Les tarifs sont d\u00e9gressifs en fonction du nombre de cours restants. N&rsquo;h\u00e9sitez pas \u00e0 me contacter par mail pour tout renseignement : atelierdisabelle@yahoo.fr<\/p>\n\n\n\n<p>Vous pouvez \u00e9galement retrouver l&rsquo;activit\u00e9 des ateliers sur Facebook : <em><a href=\"https:\/\/www.facebook.com\/brinsdartistes\">facebook.com\/brinsdartistes<\/a><\/em> et je vous propose aussi des tutos et des conseils en vid\u00e9o sur ma cha\u00eene Youtube : <a href=\"http:\/\/youtube.com\/brinsdartistes\"><em>youtube.com\/brinsdartistes<\/em><\/a> ainsi que des <em><a href=\"http:\/\/brinsdartistes.e-monsite.com\">fiches pratiques<\/a> <\/em>\u00e0 t\u00e9l\u00e9charger. <\/p>\n<\/div><\/div>\n\n\n\n<div style=\"height:20px\" aria-hidden=\"true\" class=\"wp-block-spacer\"><\/div>\n\n\n\n<div class=\"wp-block-uagb-container uagb-block-82dc88fe alignfull uagb-is-root-container\"><div class=\"uagb-container-inner-blocks-wrap\">\n<h2 style=\"text-align: center;\">Isabelle Guigou<\/h2>\n\n\n\n<div class=\"wp-block-uagb-image uagb-block-1fa9f9b9 wp-block-uagb-image--layout-default wp-block-uagb-image--effect-static wp-block-uagb-image--align-none\"><figure class=\"wp-block-uagb-image__figure\"><a class=\"\" href=\"https:\/\/brinsdartistes.fr\/index.php\/isabelle-guigou\/\" target=\"\" rel=\"noopener\"><img decoding=\"async\" srcset=\"https:\/\/brinsdartistes.fr\/wp-content\/uploads\/2025\/04\/image-isabelle.jpg ,https:\/\/brinsdartistes.fr\/wp-content\/uploads\/2025\/04\/image-isabelle.jpg 780w, https:\/\/brinsdartistes.fr\/wp-content\/uploads\/2025\/04\/image-isabelle.jpg 360w\" sizes=\"auto, (max-width: 480px) 150px\" src=\"https:\/\/brinsdartistes.fr\/wp-content\/uploads\/2025\/04\/image-isabelle.jpg\" alt=\"\" class=\"uag-image-1136\" width=\"999\" height=\"449\" title=\"image-isabelle\" loading=\"lazy\" role=\"img\"\/><\/a><\/figure><\/div>\n\n\n\n<p>Form\u00e9e \u00e0 l&rsquo;\u00e9cole des Gobelins \u00e0 Paris,\u00a0 je peins et j&rsquo;anime des ateliers de dessin et de peinture depuis plus de 15 ans, et j&rsquo;ai \u00e9galement une formation en photographie et en restauration de tableaux. Actuellement, je pratique surtout la peinture intuitive, que j&rsquo;enseigne \u00e9galement dans mes cours&#8230;<\/p>\n\n\n\n<div class=\"wp-block-uagb-buttons uagb-buttons__outer-wrap uagb-btn__small-btn uagb-btn-tablet__default-btn uagb-btn-mobile__default-btn uagb-block-21c6f0f4\"><div class=\"uagb-buttons__wrap uagb-buttons-layout-wrap \">\n<div class=\"wp-block-uagb-buttons-child uagb-buttons__outer-wrap uagb-block-d7bd70a7 wp-block-button\"><div class=\"uagb-button__wrapper\"><a class=\"uagb-buttons-repeater wp-block-button__link\" aria-label=\"\" href=\"https:\/\/brinsdartistes.fr\/index.php\/isabelle-guigou\/\" rel=\"follow noopener\" target=\"_blank\" role=\"button\"><div class=\"uagb-button__link\">D\u00e9couvrir mon travail&#8230;<\/div><\/a><\/div><\/div>\n<\/div><\/div>\n<\/div><\/div>\n\n\n\n<div style=\"height:20px\" aria-hidden=\"true\" class=\"wp-block-spacer\"><\/div>\n\n\n\n<div class=\"wp-block-uagb-container uagb-block-9f3f8327 alignfull uagb-is-root-container\"><div class=\"uagb-container-inner-blocks-wrap\">\n<h2 style=\"text-align: center;\">Ateliers dessin et peinture adultes<\/h2>\n\n\n\n<figure class=\"wp-block-image size-full\"><a href=\"https:\/\/brinsdartistes.fr\/index.php\/ateliers-adultes\/\"><img loading=\"lazy\" decoding=\"async\" width=\"999\" height=\"449\" src=\"https:\/\/brinsdartistes.fr\/wp-content\/uploads\/2024\/05\/image-peinture-adultes-en-cours-1.jpg\" alt=\"\" class=\"wp-image-248\" srcset=\"https:\/\/brinsdartistes.fr\/wp-content\/uploads\/2024\/05\/image-peinture-adultes-en-cours-1.jpg 999w, https:\/\/brinsdartistes.fr\/wp-content\/uploads\/2024\/05\/image-peinture-adultes-en-cours-1-300x135.jpg 300w, https:\/\/brinsdartistes.fr\/wp-content\/uploads\/2024\/05\/image-peinture-adultes-en-cours-1-768x345.jpg 768w\" sizes=\"auto, (max-width: 999px) 100vw, 999px\" \/><\/a><\/figure>\n\n\n\n<p>Ces cours sont ouverts \u00e0 toutes et \u00e0 tous, adultes et ados \u00e0 partir de 14 ans, d\u00e9butant(e)s comme confirm\u00e9(e)s. Il permettent de d\u00e9couvrir et de pratiquer diff\u00e9rentes techniques de dessin et de peinture, au choix : aquarelle, pastel, fusain, acrylique&#8230;<\/p>\n\n\n\n<div class=\"wp-block-uagb-buttons uagb-buttons__outer-wrap uagb-btn__small-btn uagb-btn-tablet__default-btn uagb-btn-mobile__default-btn uagb-block-0a36fac3\"><div class=\"uagb-buttons__wrap uagb-buttons-layout-wrap \">\n<div class=\"wp-block-uagb-buttons-child uagb-buttons__outer-wrap uagb-block-f404c372 wp-block-button\"><div class=\"uagb-button__wrapper\"><a class=\"uagb-buttons-repeater wp-block-button__link\" aria-label=\"\" href=\"https:\/\/brinsdartistes.fr\/index.php\/ateliers-adultes\/\" rel=\"follow noopener\" target=\"_blank\" role=\"button\"><div class=\"uagb-button__link\">Pour en savoir plus&#8230;<\/div><\/a><\/div><\/div>\n<\/div><\/div>\n<\/div><\/div>\n\n\n\n<div style=\"height:20px\" aria-hidden=\"true\" class=\"wp-block-spacer\"><\/div>\n\n\n\n<div class=\"wp-block-uagb-container uagb-block-5f590100 alignfull uagb-is-root-container\"><div class=\"uagb-container-inner-blocks-wrap\">\n<h2 class=\"wp-block-heading has-text-align-center\">Cours enfants et ados<\/h2>\n\n\n\n<figure class=\"wp-block-image size-full\"><a href=\"https:\/\/brinsdartistes.fr\/index.php\/cours-enfants-et-ados\/\"><img loading=\"lazy\" decoding=\"async\" width=\"999\" height=\"450\" src=\"https:\/\/brinsdartistes.fr\/wp-content\/uploads\/2024\/05\/image-enfants-ados-lea.jpg\" alt=\"\" class=\"wp-image-245\" srcset=\"https:\/\/brinsdartistes.fr\/wp-content\/uploads\/2024\/05\/image-enfants-ados-lea.jpg 999w, https:\/\/brinsdartistes.fr\/wp-content\/uploads\/2024\/05\/image-enfants-ados-lea-300x135.jpg 300w, https:\/\/brinsdartistes.fr\/wp-content\/uploads\/2024\/05\/image-enfants-ados-lea-768x346.jpg 768w\" sizes=\"auto, (max-width: 999px) 100vw, 999px\" \/><\/a><\/figure>\n\n\n\n<p>Ces cours permettent aux enfants \u00e0 partir de 6 ans et aux ados d&rsquo;apprendre \u00e0 dessiner et \u00e0 peindre d&rsquo;une mani\u00e8re adapt\u00e9e \u00e0 leur \u00e2ge : d&rsquo;abord des motifs simples pour les plus petits, puis des \u00e9l\u00e9ments et des techniques plus complexes pour les plus grands&#8230;<\/p>\n\n\n\n<div class=\"wp-block-uagb-buttons uagb-buttons__outer-wrap uagb-btn__small-btn uagb-btn-tablet__default-btn uagb-btn-mobile__default-btn uagb-block-ce06be4e\"><div class=\"uagb-buttons__wrap uagb-buttons-layout-wrap \">\n<div class=\"wp-block-uagb-buttons-child uagb-buttons__outer-wrap uagb-block-b9c5f99c wp-block-button\"><div class=\"uagb-button__wrapper\"><a class=\"uagb-buttons-repeater wp-block-button__link\" aria-label=\"\" href=\"https:\/\/brinsdartistes.fr\/index.php\/cours-enfants\" rel=\"follow noopener\" target=\"_self\" role=\"button\"><div class=\"uagb-button__link\">Pour en savoir plus&#8230;<\/div><\/a><\/div><\/div>\n<\/div><\/div>\n<\/div><\/div>\n\n\n\n<div style=\"height:20px\" aria-hidden=\"true\" class=\"wp-block-spacer\"><\/div>\n\n\n\n<div class=\"wp-block-uagb-container uagb-block-6560e0e9 alignfull uagb-is-root-container\"><div class=\"uagb-container-inner-blocks-wrap\">\n<h2 class=\"wp-block-heading has-text-align-center\">Peinture intuitive<\/h2>\n\n\n\n<figure class=\"wp-block-image size-full\"><a href=\"https:\/\/brinsdartistes.fr\/index.php\/ateliers-adultes#peinture-intuitive\"><img loading=\"lazy\" decoding=\"async\" width=\"1000\" height=\"451\" src=\"https:\/\/brinsdartistes.fr\/wp-content\/uploads\/2024\/05\/image-peinture-intuitive-corinne.jpg\" alt=\"\" class=\"wp-image-250\" srcset=\"https:\/\/brinsdartistes.fr\/wp-content\/uploads\/2024\/05\/image-peinture-intuitive-corinne.jpg 1000w, https:\/\/brinsdartistes.fr\/wp-content\/uploads\/2024\/05\/image-peinture-intuitive-corinne-300x135.jpg 300w, https:\/\/brinsdartistes.fr\/wp-content\/uploads\/2024\/05\/image-peinture-intuitive-corinne-768x346.jpg 768w\" sizes=\"auto, (max-width: 1000px) 100vw, 1000px\" \/><\/a><\/figure>\n\n\n\n<p>La peinture intuitive est un moment de d\u00e9tente qui permet d&rsquo;apprendre \u00e0 se l\u00e2cher, \u00e0 s&rsquo;ouvrir \u00e0 son ressenti et \u00e0 d\u00e9velopper sa cr\u00e9ativit\u00e9. Jouez avec les formes, les couleurs et les mati\u00e8res et apprenez \u00e0 peindre autrement&#8230;<\/p>\n\n\n\n<div class=\"wp-block-uagb-buttons uagb-buttons__outer-wrap uagb-btn__small-btn uagb-btn-tablet__default-btn uagb-btn-mobile__default-btn uagb-block-38289b95\"><div class=\"uagb-buttons__wrap uagb-buttons-layout-wrap \">\n<div class=\"wp-block-uagb-buttons-child uagb-buttons__outer-wrap uagb-block-e09942a2 wp-block-button\"><div class=\"uagb-button__wrapper\"><a class=\"uagb-buttons-repeater wp-block-button__link\" aria-label=\"\" href=\"https:\/\/brinsdartistes.fr\/index.php\/ateliers-adultes#peinture-intuitive\" rel=\"follow noopener\" target=\"_blank\" role=\"button\"><div class=\"uagb-button__link\">Pour en savoir plus&#8230;<\/div><\/a><\/div><\/div>\n<\/div><\/div>\n<\/div><\/div>\n\n\n\n<div style=\"height:20px\" aria-hidden=\"true\" class=\"wp-block-spacer\"><\/div>\n\n\n\n<div class=\"wp-block-uagb-container uagb-block-a11e5a5a alignfull uagb-is-root-container\"><div class=\"uagb-container-inner-blocks-wrap\">\n<h2 class=\"wp-block-heading has-text-align-center\">Peinture chinoise et calligraphie<\/h2>\n\n\n\n<figure class=\"wp-block-image size-full\"><a href=\"https:\/\/brinsdartistes.fr\/index.php\/ateliers-adultes\/#peinture-chinoise\"><img loading=\"lazy\" decoding=\"async\" width=\"1000\" height=\"450\" src=\"https:\/\/brinsdartistes.fr\/wp-content\/uploads\/2024\/05\/image-peinture-chinoise.jpg\" alt=\"\" class=\"wp-image-247\" srcset=\"https:\/\/brinsdartistes.fr\/wp-content\/uploads\/2024\/05\/image-peinture-chinoise.jpg 1000w, https:\/\/brinsdartistes.fr\/wp-content\/uploads\/2024\/05\/image-peinture-chinoise-300x135.jpg 300w, https:\/\/brinsdartistes.fr\/wp-content\/uploads\/2024\/05\/image-peinture-chinoise-768x346.jpg 768w\" sizes=\"auto, (max-width: 1000px) 100vw, 1000px\" \/><\/a><\/figure>\n\n\n\n<p>Faciles \u00e0 d\u00e9couvrir pour tous, la calligraphie et la peinture chinoises ne demandent aucune connaissance en dessin ou en peinture. Elle procurent un moment de d\u00e9tente, am\u00e9liorent la concentration, et elle sont souvent consid\u00e9r\u00e9e comme une forme de m\u00e9ditation en mouvement.<\/p>\n\n\n\n<div class=\"wp-block-uagb-buttons uagb-buttons__outer-wrap uagb-btn__small-btn uagb-btn-tablet__default-btn uagb-btn-mobile__default-btn uagb-block-1cd25a24\"><div class=\"uagb-buttons__wrap uagb-buttons-layout-wrap \">\n<div class=\"wp-block-uagb-buttons-child uagb-buttons__outer-wrap uagb-block-a0876df1 wp-block-button\"><div class=\"uagb-button__wrapper\"><a class=\"uagb-buttons-repeater wp-block-button__link\" aria-label=\"\" href=\"https:\/\/brinsdartistes.fr\/index.php\/ateliers-adultes#peinture-chinoise\" rel=\"follow noopener\" target=\"_self\" role=\"button\"><div class=\"uagb-button__link\">Pour en savoir plus&#8230;<\/div><\/a><\/div><\/div>\n<\/div><\/div>\n<\/div><\/div>\n\n\n\n<div style=\"height:20px\" aria-hidden=\"true\" class=\"wp-block-spacer\"><\/div>\n\n\n\n<div class=\"wp-block-uagb-container uagb-block-16d49fef alignfull uagb-is-root-container\"><div class=\"uagb-container-inner-blocks-wrap\">\n<h2 class=\"wp-block-heading has-text-align-center\">Illustration et bande dessin\u00e9e<\/h2>\n\n\n\n<figure class=\"wp-block-image size-full\"><a href=\"https:\/\/brinsdartistes.fr\/index.php\/ateliers-adultes#illustration\"><img loading=\"lazy\" decoding=\"async\" width=\"1000\" height=\"490\" src=\"https:\/\/brinsdartistes.fr\/wp-content\/uploads\/2025\/06\/image-illustration2-1.jpg\" alt=\"\" class=\"wp-image-1732\" srcset=\"https:\/\/brinsdartistes.fr\/wp-content\/uploads\/2025\/06\/image-illustration2-1.jpg 1000w, https:\/\/brinsdartistes.fr\/wp-content\/uploads\/2025\/06\/image-illustration2-1-300x147.jpg 300w, https:\/\/brinsdartistes.fr\/wp-content\/uploads\/2025\/06\/image-illustration2-1-768x376.jpg 768w\" sizes=\"auto, (max-width: 1000px) 100vw, 1000px\" \/><\/a><\/figure>\n\n\n\n<p>Destin\u00e9 \u00e0 des personnes qui aiment dessiner et souhaitent am\u00e9liorer leur technique, cet atelier permet de pratiquer le dessin d&rsquo;apr\u00e8s mod\u00e8les r\u00e9els, d&rsquo;apprendre \u00e0 utiliser la perspective, les ombres et les lumi\u00e8res, mais aussi de d\u00e9couvrir comment mettre une image en couleurs pour cr\u00e9er une ambiance avec diff\u00e9rentes techniques&#8230; <\/p>\n\n\n\n<div class=\"wp-block-uagb-buttons uagb-buttons__outer-wrap uagb-btn__small-btn uagb-btn-tablet__default-btn uagb-btn-mobile__default-btn uagb-block-178e6231\"><div class=\"uagb-buttons__wrap uagb-buttons-layout-wrap \">\n<div class=\"wp-block-uagb-buttons-child uagb-buttons__outer-wrap uagb-block-68a5b2f6 wp-block-button\"><div class=\"uagb-button__wrapper\"><a class=\"uagb-buttons-repeater wp-block-button__link\" aria-label=\"\" href=\"https:\/\/brinsdartistes.fr\/index.php\/ateliers-adultes#illustration\" rel=\"follow noopener\" target=\"_self\" role=\"button\"><div class=\"uagb-button__link\">Pour en savoir plus&#8230;<\/div><\/a><\/div><\/div>\n<\/div><\/div>\n<\/div><\/div>\n","protected":false},"excerpt":{"rendered":"<p>Bonjour et bienvenue sur mon site Brins d&rsquo;Artistes. Vous y trouverez une pr\u00e9sentation de mon travail personnel en peinture et en restauration de tableaux, ainsi que toutes les informations sur mes cours et ateliers dessin et peinture. Il est toujours possible de faire un cours d&rsquo;essai (gratuit et sans engagement) et de s&rsquo;inscrire en cours d&rsquo;ann\u00e9e. Les tarifs sont d\u00e9gressifs en fonction du nombre de cours restants. N&rsquo;h\u00e9sitez pas \u00e0 me contacter par mail pour tout renseignement : atelierdisabelle@yahoo.fr Vous pouvez \u00e9galement retrouver l&rsquo;activit\u00e9 des ateliers sur Facebook : facebook.com\/brinsdartistes et je vous propose aussi des tutos et des conseils en vid\u00e9o sur ma cha\u00eene Youtube : youtube.com\/brinsdartistes ainsi que des fiches pratiques \u00e0 t\u00e9l\u00e9charger. Isabelle Guigou Form\u00e9e \u00e0 l&rsquo;\u00e9cole des Gobelins \u00e0 Paris,\u00a0 je peins et j&rsquo;anime des ateliers de dessin et de peinture depuis plus de 15 ans, et j&rsquo;ai \u00e9galement une formation en photographie et en restauration de tableaux. Actuellement, je pratique surtout la peinture intuitive, que j&rsquo;enseigne \u00e9galement dans mes cours&#8230; Ateliers dessin et peinture adultes Ces cours sont ouverts \u00e0 toutes et \u00e0 tous, adultes et ados \u00e0 partir de 14 ans, d\u00e9butant(e)s comme confirm\u00e9(e)s. Il permettent de d\u00e9couvrir et de pratiquer diff\u00e9rentes techniques de dessin et de peinture, au choix : aquarelle, pastel, fusain, acrylique&#8230; Cours enfants et ados Ces cours permettent aux enfants \u00e0 partir de 6 ans et aux ados d&rsquo;apprendre \u00e0 dessiner et \u00e0 peindre d&rsquo;une mani\u00e8re adapt\u00e9e \u00e0 leur \u00e2ge : d&rsquo;abord des motifs simples pour les plus petits, puis des \u00e9l\u00e9ments et des techniques plus complexes pour les plus grands&#8230; Peinture intuitive La peinture intuitive est un moment de d\u00e9tente qui permet d&rsquo;apprendre \u00e0 se l\u00e2cher, \u00e0 s&rsquo;ouvrir \u00e0 son ressenti et \u00e0 d\u00e9velopper sa cr\u00e9ativit\u00e9. Jouez avec les formes, les couleurs et les mati\u00e8res et apprenez \u00e0 peindre autrement&#8230; Peinture chinoise et calligraphie Faciles \u00e0 d\u00e9couvrir pour tous, la calligraphie et la peinture chinoises ne demandent aucune connaissance en dessin ou en peinture. Elle procurent un moment de d\u00e9tente, am\u00e9liorent la concentration, et elle sont souvent consid\u00e9r\u00e9e comme une forme de m\u00e9ditation en mouvement. Illustration et bande dessin\u00e9e Destin\u00e9 \u00e0 des personnes qui aiment dessiner et souhaitent am\u00e9liorer leur technique, cet atelier permet de pratiquer le dessin d&rsquo;apr\u00e8s mod\u00e8les r\u00e9els, d&rsquo;apprendre \u00e0 utiliser la perspective, les ombres et les lumi\u00e8res, mais aussi de d\u00e9couvrir comment mettre une image en couleurs pour cr\u00e9er une ambiance avec diff\u00e9rentes techniques&#8230;<\/p>\n","protected":false},"author":1,"featured_media":0,"parent":0,"menu_order":0,"comment_status":"closed","ping_status":"closed","template":"","meta":{"_uag_custom_page_level_css":"","footnotes":""},"class_list":["post-166","page","type-page","status-publish","hentry"],"uagb_featured_image_src":{"full":false,"thumbnail":false,"medium":false,"medium_large":false,"large":false,"1536x1536":false,"2048x2048":false,"ashe-slider-full-thumbnail":false,"ashe-full-thumbnail":false,"ashe-list-thumbnail":false,"ashe-grid-thumbnail":false,"ashe-single-navigation":false},"uagb_author_info":{"display_name":"isabelle","author_link":"https:\/\/brinsdartistes.fr\/index.php\/author\/isabelle\/"},"uagb_comment_info":0,"uagb_excerpt":"Bonjour et bienvenue sur mon site Brins d&rsquo;Artistes. Vous y trouverez une pr\u00e9sentation de mon travail personnel en peinture et en restauration de tableaux, ainsi que toutes les informations sur mes cours et ateliers dessin et peinture. Il est toujours possible de faire un cours d&rsquo;essai (gratuit et sans engagement) et de s&rsquo;inscrire en cours\u2026","_links":{"self":[{"href":"https:\/\/brinsdartistes.fr\/index.php\/wp-json\/wp\/v2\/pages\/166","targetHints":{"allow":["GET"]}}],"collection":[{"href":"https:\/\/brinsdartistes.fr\/index.php\/wp-json\/wp\/v2\/pages"}],"about":[{"href":"https:\/\/brinsdartistes.fr\/index.php\/wp-json\/wp\/v2\/types\/page"}],"author":[{"embeddable":true,"href":"https:\/\/brinsdartistes.fr\/index.php\/wp-json\/wp\/v2\/users\/1"}],"replies":[{"embeddable":true,"href":"https:\/\/brinsdartistes.fr\/index.php\/wp-json\/wp\/v2\/comments?post=166"}],"version-history":[{"count":187,"href":"https:\/\/brinsdartistes.fr\/index.php\/wp-json\/wp\/v2\/pages\/166\/revisions"}],"predecessor-version":[{"id":2254,"href":"https:\/\/brinsdartistes.fr\/index.php\/wp-json\/wp\/v2\/pages\/166\/revisions\/2254"}],"wp:attachment":[{"href":"https:\/\/brinsdartistes.fr\/index.php\/wp-json\/wp\/v2\/media?parent=166"}],"curies":[{"name":"wp","href":"https:\/\/api.w.org\/{rel}","templated":true}]}}